{"id":5245,"date":"2021-07-28T18:30:43","date_gmt":"2021-07-28T18:30:43","guid":{"rendered":"https:\/\/www.hcstecnologia.net.br\/wps\/?page_id=5245"},"modified":"2021-07-28T18:30:43","modified_gmt":"2021-07-28T18:30:43","slug":"backup-em-nuvem","status":"publish","type":"page","link":"https:\/\/www.hcstecnologia.net.br\/wps\/?page_id=5245","title":{"rendered":"Backup em Nuvem"},"content":{"rendered":"\n<h2 class=\"wp-block-heading\" id=\"block-272a4bc0-34a5-4734-abc2-c80598725a5c\">Solu\u00e7\u00e3o corporativa de backup de dados em nuvem<\/h2>\n\n\n\n<hr class=\"wp-block-separator\" id=\"block-307cccfe-a26a-4409-a2ee-3e35160b4786\"\/>\n\n\n\n<div class=\"wp-block-columns is-layout-flex wp-container-core-columns-is-layout-1 wp-block-columns-is-layout-flex\">\n<div class=\"wp-block-column is-vertically-aligned-center is-layout-flow wp-block-column-is-layout-flow\" style=\"flex-basis:50%\">\n<figure class=\"wp-block-image\" id=\"block-9996eed2-9d6c-4c17-b046-4aa23c8dac10\"><img decoding=\"async\" src=\"https:\/\/www.hcstecnologia.com.br\/wps\/wp-content\/uploads\/2021\/07\/backup_em_nuvem.png\" alt=\"O atributo alt desta imagem est\u00e1 vazio. O nome do arquivo \u00e9 backup_em_nuvem.png\"\/><\/figure>\n<\/div>\n\n\n\n<div class=\"wp-block-column is-layout-flow wp-block-column-is-layout-flow\" style=\"flex-basis:50%\">\n<p id=\"block-30676355-dbd3-4f2c-a2b7-7e69a468ff39\">Solu\u00e7\u00e3o corporativa de backup em nuvem onde os dados s\u00e3o enviados diretamente dos servidores e esta\u00e7\u00f5es de trabalho dos clientes aos nossos ambientes de Data Center World Class Tier III no Brasil.<\/p>\n\n\n\n<ul class=\"wp-block-list\" id=\"block-c5f547d5-b406-4a94-a3d9-dd7495434506\"><li>Backup de arquivos em ambiente Windows, Mac e Linux<\/li><li>Backup de bancos Oracle, SQL Server, MySQL, Firebird, Postgres<\/li><li>Backup de m\u00e1quinas virtuais Hyper-V, VMWARE<\/li><li>Pol\u00edticas avan\u00e7adas de reten\u00e7\u00e3o e versionamento dos backups<\/li><li>Portal para gerenciamento centralizado das contas de backup<\/li><li>Relat\u00f3rios consolidados para auditoria<\/li><li>Suporte e monitora\u00e7\u00e3o das atividades de backup<\/li><\/ul>\n<\/div>\n<\/div>\n\n\n\n<figure class=\"wp-block-image\" id=\"block-3a2771ba-e3bf-4c1a-800e-0e0cfce0391f\"><img decoding=\"async\" src=\"https:\/\/www.hcstecnologia.com.br\/wps\/wp-content\/uploads\/2021\/07\/beneficios_BKP.png\" alt=\"O atributo alt desta imagem est\u00e1 vazio. O nome do arquivo \u00e9 beneficios_BKP.png\"\/><\/figure>\n\n\n\n<figure class=\"wp-block-image\" id=\"block-fdce6356-a52a-4d95-b720-337ff405a17d\"><img decoding=\"async\" src=\"https:\/\/www.hcstecnologia.com.br\/wps\/wp-content\/uploads\/2021\/07\/rodape_bkp.png\" alt=\"O atributo alt desta imagem est\u00e1 vazio. O nome do arquivo \u00e9 rodape_bkp.png\"\/><\/figure>\n\n\n\n<h3 class=\"wp-block-heading\" id=\"block-a05ea017-4d4b-4b3d-89c2-05141a47d9d0\">Perguntas Frequentes<\/h3>\n\n\n\n<p id=\"block-f88d31b5-28fe-42ef-958c-58b41c339fd9\">Abaixo est\u00e3o listadas as perguntas mais frequentes dos nossos clientes, caso voc\u00ea n\u00e3o encontre a resposta para a sua d\u00favida, entre em contato conosco.<\/p>\n\n\n\n<hr class=\"wp-block-separator\" id=\"block-e5d5576c-8489-4a5b-b18c-8b6416a08cd3\"\/>\n\n\n\n<h4 class=\"wp-block-heading\" id=\"block-8cf46cd0-e31d-4ac5-be64-2eca3bb7d002\">Quais tipos de empresas est\u00e3o optando por esta modalidade de backup?<\/h4>\n\n\n\n<p id=\"block-6d9fc44c-63b6-441b-adf1-845cb12d4daa\">Empresas pequenas, m\u00e9dias e grandes j\u00e1 entenderam e est\u00e3o optando diariamente pela realiza\u00e7\u00e3o de backup em nuvem devido \u00e0 sua simplicidade, rapidez, redu\u00e7\u00e3o de custos com hardware e m\u00eddias de backup al\u00e9m de atender os requisitos de auditoria que as obrigam manter uma c\u00f3pia de seus dados fora das depend\u00eancias f\u00edsicas da sua organiza\u00e7\u00e3o.<\/p>\n\n\n\n<hr class=\"wp-block-separator\" id=\"block-14dc8c57-fda6-431c-803b-fd19dc4b6bef\"\/>\n\n\n\n<h4 class=\"wp-block-heading\" id=\"block-201ad5c0-b40b-44e0-a489-154a9a360d3e\">Quanto tempo levar\u00e1 para realizar meus backups?<\/h4>\n\n\n\n<p id=\"block-7d43c0a5-dc4c-4d96-87f9-59d33b9f47ce\">Primeiramente ser\u00e1 realizado o backup full, onde todos os seus dados ser\u00e3o enviados por completo para a nuvem. Nos pr\u00f3ximos backups apenas os arquivos novos e os modificados ser\u00e3o enviados, tornando o processo muito mais \u00e1gil.<\/p>\n\n\n\n<p id=\"block-8aaa5e41-1250-4a70-9f13-0d725aa3269f\">O tempo necess\u00e1rio para enviar os dados depender\u00e3o basicamente dos seguintes fatores:<\/p>\n\n\n\n<ol class=\"wp-block-list\" id=\"block-f7b72c51-5734-41bc-8334-82d93a85736f\"><li>Volume de dados a ser enviado no backup full<\/li><li>Volume de dados incrementados diariamente<\/li><li>Quantidade de arquivos a ser enviado<\/li><li>Performance do servidor (CPU, Mem\u00f3ria e I\/O) para compactar e criptografar os dados<\/li><li>Banda de upload de internet dispon\u00edvel<\/li><\/ol>\n\n\n\n<hr class=\"wp-block-separator\" id=\"block-65c1e3ef-ff8a-41d6-8d19-0e54b2742332\"\/>\n\n\n\n<h5 class=\"wp-block-heading\" id=\"block-60364b20-94eb-4cda-b01d-c30ad396ef00\">\u00c9 poss\u00edvel manter um backup local em minha empresa?<\/h5>\n\n\n\n<p id=\"block-3d230514-3d40-48d2-b807-08b6d8039381\">Sim, o software lhe d\u00e1 as seguintes op\u00e7\u00f5es:<\/p>\n\n\n\n<ol class=\"wp-block-list\" id=\"block-026b3783-eb49-48db-a277-f016512729f3\"><li>Backup apenas em nuvem<\/li><li>Backup apenas local (em discos r\u00edgidos, NAS, storage, hd externo)<\/li><li>Backup local + nuvem<\/li><\/ol>\n\n\n\n<hr class=\"wp-block-separator\" id=\"block-8042dc91-b561-47e9-82a8-75624fd89e0a\"\/>\n\n\n\n<h5 class=\"wp-block-heading\" id=\"block-1789e7fb-b6b0-4099-93fd-f2c53db8bc5b\">Qual \u00e9 o link de internet m\u00ednimo necess\u00e1rio para realizar meus backups na nuvem?<\/h5>\n\n\n\n<p id=\"block-b9d7bdd6-cc05-42e5-9788-2a4b84fe9c78\">N\u00e3o existe um requisito m\u00ednimo para de banda de internet, mas sim a expectativa em termos de tempo que o cliente espera para que seus dados sejam enviados e principalmente restaurados no momento da necessidade.<\/p>\n\n\n\n<p id=\"block-42c1b29e-d933-404d-acfb-f813a30573bf\">Teoricamente podemos chegar nos seguintes c\u00e1lculos matem\u00e1ticos:<\/p>\n\n\n\n<p id=\"block-f6a2a91f-a67a-4cd0-a964-578b2bd4ccf9\">1Mbps grava 1M\/8bits = 0,125MB \/ segundo<\/p>\n\n\n\n<p id=\"block-e055752d-8fec-41d4-bd0c-9b2a2e4a67f4\">0,125MB x 60 = 7.5MB \/ minuto<\/p>\n\n\n\n<p id=\"block-fff3080b-3ad8-4c3a-bbed-edc4022027c3\">7.5 x 60 = 450MB por hora<\/p>\n\n\n\n<p id=\"block-a25d09a1-fef9-4fe4-83ac-c54d0a59d2dd\">450 x 24 = 10.8GB por dia<\/p>\n\n\n\n<p id=\"block-ec06f479-a96b-4d65-a04d-a027db40e094\">Ou seja, teoricamente, para cada 1Mbps de banda internet, transfere-se em m\u00e9dia 10GB de dados por dia, desta forma teremos:<\/p>\n\n\n\n<ul class=\"wp-block-list\" id=\"block-95a8845a-4d27-4974-a8c3-8c21c948ba90\"><li>Banda de 1Mbps grava 1 x 10GB por dia<\/li><li>Banda de 2Mbps grava 2 x 10GB = 20GB por dia<\/li><li>Banda de 10Mbps grava 10 x 10GB = 100GB por dia<\/li><li>Banda de 100Mbps grava 100 x 10GB = 1TB por dia<\/li><\/ul>\n\n\n\n<hr class=\"wp-block-separator\" id=\"block-0e9f3dbf-a368-4fc2-a67d-341078f6319c\"\/>\n\n\n\n<h4 class=\"wp-block-heading\" id=\"block-71197fdc-5902-450e-a8df-db22ac676e40\">Esta solu\u00e7\u00e3o \u00e9 vi\u00e1vel mesmo para empresas que n\u00e3o possuem um bom link de internet?<\/h4>\n\n\n\n<p id=\"block-fb03897e-b0c0-4a64-8894-a0aae8a812ec\">Caso voc\u00ea n\u00e3o tenha um link de internet adequado, podemos resgatar os seus dados atrav\u00e9s de um disco externo onde os dados ser\u00e3o criptografados e enviados fisicamente para o data center (backup full). Ap\u00f3s isso, apenas os backups incrementais ser\u00e3o enviados, ou seja, apenas os arquivos novos e os modificados, onde a depend\u00eancia da internet ser\u00e1 muito menor.<\/p>\n\n\n\n<hr class=\"wp-block-separator\" id=\"block-e602ba36-89f9-4532-8fca-49cc99ff7dd4\"\/>\n\n\n\n<h4 class=\"wp-block-heading\" id=\"block-7d09c438-78df-4329-8b99-0ac6d6a22672\">Se um arquivo grande sofrer altera\u00e7\u00e3o o software envia todo o arquivo novamente para a nuvem?<\/h4>\n\n\n\n<p id=\"block-6ce00541-59f1-44d6-b486-d61af4d32f7e\">maioria dos softwares de backup envia o arquivo por completo independente do tamanho da sua altera\u00e7\u00e3o, tornando invi\u00e1vel o backup de arquivos grandes. A nossa solu\u00e7\u00e3o profissional de backup em nuvem tem a capacidade de detectar apenas o que foi alterado dentro de um arquivo e enviar apenas os blocos de altera\u00e7\u00e3o.<\/p>\n\n\n\n<p id=\"block-d13046c2-3dcd-4b09-a2fe-10e011288c41\">Por exemplo: imagine que voc\u00ea possua um arquivo .PST do Microsoft Outlook, no tamanho de 10GB. Cada vez que voc\u00ea recebe um novo e-mail o arquivo .PST \u00e9 modificado, por\u00e9m, o software n\u00e3o enviar\u00e1 novamente os 10GB para a nuvem mas sim apenas os blocos que sofreram modifica\u00e7\u00e3o dentro do arquivo.<\/p>\n\n\n\n<hr class=\"wp-block-separator\" id=\"block-4e3be3b1-fb9b-4793-be27-0600196f3a5d\"\/>\n\n\n\n<h4 class=\"wp-block-heading\" id=\"block-01de233b-7bc7-4880-ae56-bf7600ec8145\">Como posso acessar meus dados na nuvem?<\/h4>\n\n\n\n<p id=\"block-5655d640-b247-40d3-b8b0-c61b8820cc91\">Por quest\u00f5es de seguran\u00e7a, os dados de backup n\u00e3o podem ser acessados diretamente na nuvem, pois os dados s\u00e3o armazenados de forma criptografada. Para que haja acesso aos dados \u00e9 necess\u00e1rio que haja primeiramente a sua restaura\u00e7\u00e3o para posterior acesso. A restaura\u00e7\u00e3o por sua vez somente \u00e9 poss\u00edvel mediante a autentica\u00e7\u00e3o atrav\u00e9s de login\/senha al\u00e9m da inser\u00e7\u00e3o da chave de criptografia.<\/p>\n\n\n\n<hr class=\"wp-block-separator\" id=\"block-2c792294-ae4a-4784-a16a-637a88b57686\"\/>\n\n\n\n<h4 class=\"wp-block-heading\" id=\"block-d48a8cf3-3805-4840-be75-d2e375adc1a2\">Qual \u00e9 a taxa de compress\u00e3o dos backups?<\/h4>\n\n\n\n<p id=\"block-f910df29-bc8c-4d1e-adc6-89d3cd019ea8\">A taxa de compress\u00e3o depende muito do tipo de arquivo. Arquivos de v\u00eddeos, imagens e arquivos j\u00e1 compactados (.zip, .tgz) praticamente n\u00e3o podem ser comprimidos, j\u00e1 arquivos de texto, planilhas, m\u00e1quinas virtuais, bancos de dados e documentos em geral s\u00e3o compactados em at\u00e9 80%, ou seja, num cen\u00e1rio onde voc\u00ea possui uma base de dados de 100GB, teoricamente utilizaria apenas 20GB de espa\u00e7o para armazenar estes dados em formato de backup na nuvem.<\/p>\n\n\n\n<p id=\"block-b4f306a9-8223-4531-bf47-698e263f3d93\">Saiba mais em: http:\/\/kb.winzip.com\/kb\/entry\/104<\/p>\n\n\n\n<hr class=\"wp-block-separator\" id=\"block-a04777ee-aa80-469d-815f-0e7d4e139b32\"\/>\n\n\n\n<h4 class=\"wp-block-heading\" id=\"block-21bea1d1-83e7-4a3a-a2d3-980c6a376498\">O que \u00e9 reten\u00e7\u00e3o?<\/h4>\n\n\n\n<p id=\"block-8d9d7130-9c54-49f9-b48e-40fbabb199c6\">Reten\u00e7\u00e3o \u00e9 o tempo que voc\u00ea deseja que os arquivos que foram apagados ou modificados em seu servidor permane\u00e7am dispon\u00edveis na nuvem para restaura\u00e7\u00e3o.<\/p>\n\n\n\n<p id=\"block-55828c1c-f5ac-4873-af62-a6c3e938e21b\">Vamos supor que voc\u00ea possui 10 arquivos em seu servidor e realiza o backup. Ap\u00f3s a realiza\u00e7\u00e3o do backup, voc\u00ea ter\u00e1 10 arquivos no seu servidor (originais) e 10 arquivos na nuvem (backup). Num determinado dia voc\u00ea deseja excluir permanentemente 03 arquivos do seu servidor, pois s\u00e3o arquivos indesejados, e executa o backup novamente. Quando o backup for realizado, a nuvem entender\u00e1 que voc\u00ea excluiu 03 arquivos indesejados do seu servidor, por\u00e9m a nuvem ir\u00e1 manter estes arquivos indesejados ainda dispon\u00edveis para restaura\u00e7\u00e3o pelo tempo de reten\u00e7\u00e3o que voc\u00ea configurou, ou seja, a reten\u00e7\u00e3o pode ser compreendida como uma &#8220;Lixeira&#8221; virtual na nuvem.<\/p>\n\n\n\n<hr class=\"wp-block-separator\" id=\"block-9ebddb59-3fe8-40f8-b553-ef3ce8ae52b5\"\/>\n\n\n\n<h4 class=\"wp-block-heading\" id=\"block-905fb663-9978-40b6-878f-650463262d3b\">O que \u00e9 versionamento e qual a sua utilidade?<\/h4>\n\n\n\n<p id=\"block-0dd50c31-15f9-4cac-a53b-de9107818fd6\">O versionamento \u00e9 uma funcionalidade que mant\u00e9m v\u00e1rias vers\u00f5es de um arquivo para uma posterior restaura\u00e7\u00e3o.<\/p>\n\n\n\n<p id=\"block-0730781f-1686-4a19-bb58-366784f81e74\">Imagine que voc\u00ea tenha uma planilha que \u00e9 alterada diariamente em seu servidor e que todos os dias \u00e9 realizado o seu backup. Num determinado dia, algu\u00e9m lhe solicita que seja restaurado o backup desta planilha, por\u00e9m,o solicitante n\u00e3o deseja a planilha mais atual mas sim esta planilha de como ela se encontrava h\u00e1 7 dias atr\u00e1s. Como voc\u00ea realiza o backup diariamente desta planilha, voc\u00ea ter\u00e1 a op\u00e7\u00e3o de resgatar a vers\u00e3o do dia que desejar, dependendo do tempo de reten\u00e7\u00e3o que voc\u00ea configurar.<\/p>\n\n\n\n<hr class=\"wp-block-separator\" id=\"block-707b7f33-18bf-4cad-a2cf-7ad1bc65f618\"\/>\n\n\n\n<h4 class=\"wp-block-heading\" id=\"block-06a12d6c-d5f8-4447-9c47-d8396f9c5081\">O backup nos protege contra v\u00edrus que sequestram os dados como o caso do Ransomware?<\/h4>\n\n\n\n<p id=\"block-05a5823f-07f3-47ad-b866-09864382ee04\">O backup n\u00e3o pode ser utilizado para substituir softwares de antiv\u00edrus, pois o antiv\u00edrus opera de forma preventiva, ou seja, ele previne que malwares infectem os seus sistemas, j\u00e1 o backup opera de forma reativa, ou seja, caso o antiv\u00edrus falhe ao cumprir com o seu papel de prote\u00e7\u00e3o, o backup poder\u00e1 ser utilizado como um meio de restaura\u00e7\u00e3o os dados originais.<\/p>\n\n\n\n<p id=\"block-3c3fb337-384d-419e-9e09-b101f587079c\"><br \/>O Ransomware \u00e9 um tipo de malware onde o criminoso invade o sistema operacional do cliente e criptografa todos os seus arquivos e ap\u00f3s isso o indiv\u00edduo pratica o crime de extors\u00e3o solicitando que o cliente lhe pague uma quantia em dinheiro para que possa ter seus dados originais de volta. Atrav\u00e9s da nossa ferramenta profissional de backup em nuvem, o cliente poder\u00e1 ter seus dados restaurados de uma data anterior onde os dados ainda n\u00e3o haviam sido infectados, para isso o backup dever\u00e1 estar sendo realizado com sucesso diariamente e configurado com um tempo de reten\u00e7\u00e3o adequado para permitir esta opera\u00e7\u00e3o.<br \/><br \/>Resumindo: por n\u00e3o ser um antiv\u00edrus, o backup ir\u00e1 realizar a copia dos dados que est\u00e3o no servidor, quer estejam com v\u00edrus ou n\u00e3o, por\u00e9m, o per\u00edodo de reten\u00e7\u00e3o permitir\u00e1 voc\u00ea restaurar os dados de uma data em que o servidor do cliente ainda n\u00e3o estava infectado. Por isso recomendamos que mantenha no m\u00ednimo 30 dias reten\u00e7\u00e3o em seus backups para caso identifique o v\u00edrus, possa restaurar os dados de uma data em que ainda n\u00e3o havia infec\u00e7\u00e3o.<\/p>\n\n\n\n<hr class=\"wp-block-separator\" id=\"block-d5733f82-4239-4389-bcc8-6b5cd25ab68c\"\/>\n\n\n\n<h4 class=\"wp-block-heading\" id=\"block-cec3e99d-89e0-447d-b4db-d8ed94320fa8\">Onde os dados de backup ficam armazenados?<\/h4>\n\n\n\n<p id=\"block-8382cdb2-8fb8-471a-9b45-dd93b06af1ce\">Os dados s\u00e3o armazenados em Data Centers localizado em territ\u00f3rio nacional, a qualquer momento voc\u00ea pode solicitar uma visita para conhecer o Data Center e toda a estrutura de seguran\u00e7a onde seus dados est\u00e3o armazenados.<\/p>\n\n\n\n<hr class=\"wp-block-separator\" id=\"block-189dbc5e-bc40-48a5-adf8-aeadb1de4b64\"\/>\n\n\n\n<h4 class=\"wp-block-heading\" id=\"block-2b67ff39-553a-4bc1-bf49-f6691c28d1f9\">Quais s\u00e3o as certifica\u00e7\u00f5es do data center?<\/h4>\n\n\n\n<h5 class=\"wp-block-heading\" id=\"block-4b0865bb-b4c0-4854-9308-70b466f2435d\"><strong>Infraestrutura de data center<\/strong><\/h5>\n\n\n\n<ul class=\"wp-block-list\" id=\"block-664200c9-4862-422b-9d9c-ca5770d49195\"><li><strong>Certifica\u00e7\u00e3o TIER III<\/strong><\/li><li>Certifica\u00e7\u00f5es de FACILITY (infraestrutura) e DESIGN (projeto) para o data center, com disponibilidade de opera\u00e7\u00e3o de 99,982% anual.<\/li><li>Todos os componentes de infraestrutura com 100% de redund\u00e2ncia, com m\u00faltiplos caminhos de distribui\u00e7\u00e3o e opera\u00e7\u00e3o de forma independente.<\/li><li><strong>TR3 da T\u00dcV Rheinland<\/strong><\/li><li>Atesta que o data center est\u00e1 em conformidade com as especifica\u00e7\u00f5es requeridas para: projeto, montagem, instala\u00e7\u00e3o, opera\u00e7\u00e3o, manuten\u00e7\u00e3o, sustentabilidade, documenta\u00e7\u00e3o t\u00e9cnica, acompanhamentos de execu\u00e7\u00e3o de obra, dos testes integrados de comissionamento e das auditorias de opera\u00e7\u00e3o.<\/li><li>As regras da certifica\u00e7\u00e3o s\u00e3o baseadas na Norma ANSI\/TIA 942 ? Telecommunications Infrastructure Standard for Data Center. Al\u00e9m disso, o processo de avalia\u00e7\u00e3o \u00e9 composto por diversos crit\u00e9rios, como o acompanhamento das medi\u00e7\u00f5es, testes, verifica\u00e7\u00f5es do funcionamento e desempenho dos equipamentos, acess\u00f3rios e sistemas (refrigera\u00e7\u00e3o, seguran\u00e7a, controle de acesso, CFTV, detec\u00e7\u00e3o\/combate a inc\u00eandio e redes el\u00e9tricas), al\u00e9m do processamento e interface entre todos os agentes, nos diversos ambientes, em condi\u00e7\u00f5es normais de uso.<\/li><\/ul>\n\n\n\n<h5 class=\"wp-block-heading\" id=\"block-2e1b4842-9eb0-4c7e-86ab-78e54ecdf59b\"><strong>Seguran\u00e7a da Informa\u00e7\u00e3o<\/strong><\/h5>\n\n\n\n<ul class=\"wp-block-list\" id=\"block-cd4334d0-2468-4d52-9460-520019ebc7f3\"><li><strong>Certifica\u00e7\u00e3o ISO 27001<\/strong><\/li><\/ul>\n\n\n\n<p id=\"block-534fab61-48bb-4aa5-b706-d590bf3b6a46\">O volume crescente de informa\u00e7\u00f5es que trafegam e as constantes amea\u00e7as ao ambiente corporativo exigem cada vez mais investimentos e aten\u00e7\u00e3o das empresas. Nesse cen\u00e1rio surgiu a norma ISO 27001, que define o padr\u00e3o mundial para a gest\u00e3o da Seguran\u00e7a da Informa\u00e7\u00e3o em ambientes de TI.<\/p>\n\n\n\n<p id=\"block-58347d5b-709e-4f5e-9242-1bc52df3af5f\">A ISO 27001 define o modelo adequado de estabelecimento, implementa\u00e7\u00e3o, opera\u00e7\u00e3o, monitoramento, revis\u00e3o e gest\u00e3o para Sistemas de Gest\u00e3o de Seguran\u00e7a da Informa\u00e7\u00e3o, englobando mais de 100 pr\u00e1ticas, dentre elas:<\/p>\n\n\n\n<ul class=\"wp-block-list\" id=\"block-ebf1b5e3-932d-4915-9efa-3f9f5687dd2f\"><li>Pol\u00edticas e Organiza\u00e7\u00f5es da Seguran\u00e7a da Informa\u00e7\u00e3o;<\/li><li>Controle de Acessos;<\/li><li>Criptografia;<\/li><li>Cadeias de Suprimentos;<\/li><li>Recursos Humanos e outros.<\/li><\/ul>\n\n\n\n<p id=\"block-ce54d913-fba2-4cf0-9a0c-9717cb40c558\">A certifica\u00e7\u00e3o ISO 27001 reconhece o compromisso de proteger o valor estrat\u00e9gico das informa\u00e7\u00f5es de seus clientes, em todos os aspectos e etapas:<\/p>\n\n\n\n<ul class=\"wp-block-list\" id=\"block-d852b657-d214-4e9e-a390-52a2558b858f\"><li>confiabilidade &#8211; limitando o acesso \u00e0 informa\u00e7\u00e3o;<\/li><li>integridade &#8211; garantindo que a informa\u00e7\u00e3o mantenha seu conte\u00fado e suas caracter\u00edsticas originais;<\/li><li>disponibilidade &#8211; mantendo a informa\u00e7\u00e3o sempre dispon\u00edvel para uso leg\u00edtimo.<\/li><\/ul>\n\n\n\n<h5 class=\"wp-block-heading\" id=\"block-59ea0201-dc2b-4e5d-b5c4-91c96835a20c\"><strong>Controle de Acesso F\u00edsico<\/strong><\/h5>\n\n\n\n<ul class=\"wp-block-list\" id=\"block-3e0811f9-c706-4332-8f1f-e4c7c88f3a44\"><li><strong>ISAE 3402 \/ SSAE 16<\/strong><\/li><li>As certifica\u00e7\u00f5es ISAE 3402 \/ SSAE 16 comprovam a efici\u00eancia dos processos e controles de seguran\u00e7a f\u00edsica do data center. A diferen\u00e7a \u00e9 que a ISAE 3402 atende ao padr\u00e3o europeu de valida\u00e7\u00e3o e a SSAE 16, ao padr\u00e3o norte-americano, garantindo:<\/li><li>Requisitos de conformidade ? demonstra aos \u00f3rg\u00e3os reguladores que os controles est\u00e3o em vigor, funcionando e monitorados.<\/li><li><strong>Servi\u00e7os de TI<\/strong><\/li><li><strong>ISO 20000<\/strong><\/li><li>O objetivo da ISO 20000 \u00e9 estabelecer um conjunto de requisitos necess\u00e1rios para uma empresa conseguir gerenciar seus servi\u00e7os de maneira a: elevar a satisfa\u00e7\u00e3o dos clientes, melhorar os processos, otimizar custos, riscos e recursos.<\/li><li>Garantias com a certifica\u00e7\u00e3o:<\/li><li>A certeza de que a presta\u00e7\u00e3o de servi\u00e7o \u00e9 padronizada e segue as melhores pr\u00e1ticas do mercado.<\/li><li>A garantia de ter um controle apurado sobre a qualidade dos servi\u00e7os contratados.<\/li><\/ul>\n\n\n\n<h5 class=\"wp-block-heading\" id=\"block-0c9fd8bf-edf4-4754-bddb-d5800d9d88df\"><strong>Transa\u00e7\u00f5es financeiras<\/strong><\/h5>\n\n\n\n<ul class=\"wp-block-list\" id=\"block-5e749259-447a-411a-bcd8-975ce8fb2d8a\"><li><strong>PCI DSS<\/strong><\/li><li>\u00c9 o&nbsp;padr\u00e3o de seguran\u00e7a de dados para a Ind\u00fastria de Cart\u00f5es de Pagamento. Isso significa que essa certifica\u00e7\u00e3o \u00e9 necess\u00e1ria para todas empresas que processam, armazenam e transmite dados de cart\u00f5es pela internet e \u00e9 exigida para garantir a seguran\u00e7a desses dados. \u00c9 uma certifica\u00e7\u00e3o extremamente importante para quem quer vender atrav\u00e9s de pagamentos online.<\/li><li><strong>Meio Ambiente<\/strong><\/li><li><strong>ISO 14001<\/strong><\/li><li>A certifica\u00e7\u00e3o ISO 14001 garante que o data center opera em conformidade com as leis vigentes e com total respeito ao meio ambiente, contribuindo dessa forma para uma qualidade socioambiental correta e adequada no seu ecossistema:<\/li><li>Seguran\u00e7a de ter os dados hospedados em data centers que utilizam energia renov\u00e1vel.<\/li><li>Ambiente preparado para detectar e combater inc\u00eandios com g\u00e1s ecol\u00f3gico.<\/li><li>Agilidade e acompanhamento em tempo real dos processos ? uma vez que todos os processos do data center s\u00e3o registrados nas ferramentas de gest\u00e3o, seguindo o programa Papel Zero.<\/li><li>Reuso e reciclagem de recursos naturais<\/li><\/ul>\n\n\n\n<h5 class=\"wp-block-heading\" id=\"block-4e2b80b7-cc70-4790-acee-afe28c224565\"><strong>Antissuborno<\/strong><\/h5>\n\n\n\n<p id=\"block-026e8f01-4387-4013-b572-d85a3d196bff\">Sistema de gest\u00e3o antissuborno desenvolvido pela ISO. Com esta certifica\u00e7\u00e3o, os processos de neg\u00f3cio possuem controle apurado para combater qualquer suborno ou corrup\u00e7\u00e3o.<\/p>\n\n\n\n<p id=\"block-dda004f8-50f4-4ccd-9628-88679fe5eac9\">Esta certifica\u00e7\u00e3o, al\u00e9m dos princ\u00edpios \u00e9ticos que envolvem as rela\u00e7\u00f5es com fornecedores, garantem para os clientes a prote\u00e7\u00e3o da sa\u00fade financeira dos neg\u00f3cios, reputa\u00e7\u00e3o da marca e imagem, sem envolvimento com vantagens indevidas ou il\u00edcitas.<\/p>\n\n\n\n<hr class=\"wp-block-separator\" id=\"block-3aa72962-300d-498e-9acd-25296c8b1185\"\/>\n\n\n\n<h4 class=\"wp-block-heading\" id=\"block-3a02672b-b0a4-4ce0-9c0a-4b9391602605\">Qual \u00e9 a vantagem em manter os dados em data center no Brasil?<\/h4>\n\n\n\n<p id=\"block-e588d071-d85b-40b9-8caf-512be36c571d\">Ao manter os dados armazenados no Brasil, voc\u00ea possui as seguintes vantagens:<\/p>\n\n\n\n<p id=\"block-5390c379-e4a0-4d35-9250-369ec38fcae6\">1. A lat\u00eancia de internet \u00e9 muito menor tornando o backup e a restaura\u00e7\u00e3o mais veloz<\/p>\n\n\n\n<p id=\"block-fae2e80d-b2aa-4478-bbc1-1e9541e8b689\">2. Em caso de necessidade de restaurar grandes volumes de dados que levaria muitos dias para ser finalizado pela Internet, voc\u00ea pode solicitar o envio dos seus dados por meio de discos externos<\/p>\n\n\n\n<p id=\"block-ee00916b-9dff-4aa3-8505-8df04ac98626\">3. Evita riscos de espionagem de dados que podem ocorrer em pa\u00edses onde s\u00e3o adotadas outras legisla\u00e7\u00f5es<\/p>\n\n\n\n<p id=\"block-28f4ae48-b72e-4e06-aa03-d6fa10812c5c\">4. A qualquer momento voc\u00ea pode solicitar uma visita ao Data Center para conhecer toda a estrutura de seguran\u00e7a onde seus dados est\u00e3o armazenados<\/p>\n","protected":false},"excerpt":{"rendered":"<p>Solu\u00e7\u00e3o corporativa de backup de dados em nuvem Solu\u00e7\u00e3o corporativa de backup em nuvem onde os dados s\u00e3o enviados diretamente dos servidores e esta\u00e7\u00f5es de trabalho dos clientes aos nossos ambientes de Data Center World Class Tier III no Brasil. Backup de arquivos em ambiente Windows, Mac e Linux Backup de bancos Oracle, SQL Server, [&hellip;]<\/p>\n","protected":false},"author":1,"featured_media":0,"parent":0,"menu_order":0,"comment_status":"closed","ping_status":"closed","template":"","meta":{"footnotes":""},"class_list":["post-5245","page","type-page","status-publish","hentry"],"_links":{"self":[{"href":"https:\/\/www.hcstecnologia.net.br\/wps\/index.php?rest_route=\/wp\/v2\/pages\/5245","targetHints":{"allow":["GET"]}}],"collection":[{"href":"https:\/\/www.hcstecnologia.net.br\/wps\/index.php?rest_route=\/wp\/v2\/pages"}],"about":[{"href":"https:\/\/www.hcstecnologia.net.br\/wps\/index.php?rest_route=\/wp\/v2\/types\/page"}],"author":[{"embeddable":true,"href":"https:\/\/www.hcstecnologia.net.br\/wps\/index.php?rest_route=\/wp\/v2\/users\/1"}],"replies":[{"embeddable":true,"href":"https:\/\/www.hcstecnologia.net.br\/wps\/index.php?rest_route=%2Fwp%2Fv2%2Fcomments&post=5245"}],"version-history":[{"count":1,"href":"https:\/\/www.hcstecnologia.net.br\/wps\/index.php?rest_route=\/wp\/v2\/pages\/5245\/revisions"}],"predecessor-version":[{"id":5246,"href":"https:\/\/www.hcstecnologia.net.br\/wps\/index.php?rest_route=\/wp\/v2\/pages\/5245\/revisions\/5246"}],"wp:attachment":[{"href":"https:\/\/www.hcstecnologia.net.br\/wps\/index.php?rest_route=%2Fwp%2Fv2%2Fmedia&parent=5245"}],"curies":[{"name":"wp","href":"https:\/\/api.w.org\/{rel}","templated":true}]}}