{"id":120,"date":"2014-02-28T17:22:11","date_gmt":"2014-02-28T17:22:11","guid":{"rendered":"http:\/\/192.168.3.10\/wps\/?page_id=120"},"modified":"2021-07-28T18:19:44","modified_gmt":"2021-07-28T18:19:44","slug":"como-chegar","status":"publish","type":"page","link":"https:\/\/www.hcstecnologia.net.br\/wps\/?page_id=120","title":{"rendered":"Como Chegar"},"content":{"rendered":"<p><a href=\"https:\/\/goo.gl\/maps\/nBPQbTrFxZA2\"><img loading=\"lazy\" decoding=\"async\" class=\"aligncenter size-large wp-image-127\" src=\"https:\/\/www.hcstecnologia.com.br\/wps\/wp-content\/uploads\/2014\/02\/mapa-1024x578.jpg\" alt=\"Observe como Chegar vindo de sua cidade\" width=\"960\" height=\"542\" srcset=\"https:\/\/www.hcstecnologia.net.br\/wps\/wp-content\/uploads\/2014\/02\/mapa-1024x578.jpg 1024w, https:\/\/www.hcstecnologia.net.br\/wps\/wp-content\/uploads\/2014\/02\/mapa-300x169.jpg 300w, https:\/\/www.hcstecnologia.net.br\/wps\/wp-content\/uploads\/2014\/02\/mapa-590x333.jpg 590w, https:\/\/www.hcstecnologia.net.br\/wps\/wp-content\/uploads\/2014\/02\/mapa.jpg 1330w\" sizes=\"auto, (max-width: 960px) 100vw, 960px\" \/><\/a><\/p>\n\n\n<p class=\"has-text-align-center\">Rua s\u00e3o Leopoldo, 4050  |  Bairro Rinc\u00e3o do Cascalho  |  Port\u00e3o &#8211; RS  | Fone +55 51 3562-6218<\/p>\n","protected":false},"excerpt":{"rendered":"<p>Rua s\u00e3o Leopoldo, 4050 | Bairro Rinc\u00e3o do Cascalho | Port\u00e3o &#8211; RS | Fone +55 51 3562-6218<\/p>\n","protected":false},"author":1,"featured_media":0,"parent":13,"menu_order":0,"comment_status":"closed","ping_status":"open","template":"template_homepage.php","meta":{"footnotes":""},"class_list":["post-120","page","type-page","status-publish","hentry"],"_links":{"self":[{"href":"https:\/\/www.hcstecnologia.net.br\/wps\/index.php?rest_route=\/wp\/v2\/pages\/120","targetHints":{"allow":["GET"]}}],"collection":[{"href":"https:\/\/www.hcstecnologia.net.br\/wps\/index.php?rest_route=\/wp\/v2\/pages"}],"about":[{"href":"https:\/\/www.hcstecnologia.net.br\/wps\/index.php?rest_route=\/wp\/v2\/types\/page"}],"author":[{"embeddable":true,"href":"https:\/\/www.hcstecnologia.net.br\/wps\/index.php?rest_route=\/wp\/v2\/users\/1"}],"replies":[{"embeddable":true,"href":"https:\/\/www.hcstecnologia.net.br\/wps\/index.php?rest_route=%2Fwp%2Fv2%2Fcomments&post=120"}],"version-history":[{"count":14,"href":"https:\/\/www.hcstecnologia.net.br\/wps\/index.php?rest_route=\/wp\/v2\/pages\/120\/revisions"}],"predecessor-version":[{"id":5244,"href":"https:\/\/www.hcstecnologia.net.br\/wps\/index.php?rest_route=\/wp\/v2\/pages\/120\/revisions\/5244"}],"up":[{"embeddable":true,"href":"https:\/\/www.hcstecnologia.net.br\/wps\/index.php?rest_route=\/wp\/v2\/pages\/13"}],"wp:attachment":[{"href":"https:\/\/www.hcstecnologia.net.br\/wps\/index.php?rest_route=%2Fwp%2Fv2%2Fmedia&parent=120"}],"curies":[{"name":"wp","href":"https:\/\/api.w.org\/{rel}","templated":true}]}}