{"id":105,"date":"2014-02-28T14:13:40","date_gmt":"2014-02-28T14:13:40","guid":{"rendered":"http:\/\/192.168.3.10\/wps\/?page_id=105"},"modified":"2020-09-25T08:33:37","modified_gmt":"2020-09-25T08:33:37","slug":"produtos","status":"publish","type":"page","link":"https:\/\/www.hcstecnologia.net.br\/wps\/?page_id=105","title":{"rendered":"Produtos"},"content":{"rendered":"<p>&#8220;Personalizar conforme a necessidade do cliente&#8221;<\/p>\n<p>\u00c9 pensando desta forma que a HCS Tecnologia desenvolve produtos na \u00e1rea de inform\u00e1tica com a medida certa para cada cliente conseguindo assim uma melhor rela\u00e7\u00e3o custo benef\u00edcio, n\u00e3o importando se voc\u00ea necessita de um computador simples para uso dom\u00e9stico ou um servidor que atenda as necessidades da sua empresa, possu\u00edmos as parcerias certas com os melhores fornecedores mundiais e tamb\u00e9m com os mais qualificados do mercado nacional para atender todos os clientes com agilidade e compet\u00eancia.<\/p>\n<p>&nbsp;<\/p>\n<p>&nbsp;<\/p>\n","protected":false},"excerpt":{"rendered":"<p>&#8220;Personalizar conforme a necessidade do cliente&#8221; \u00c9 pensando desta forma que a HCS Tecnologia desenvolve produtos na \u00e1rea de inform\u00e1tica com a medida certa para cada cliente conseguindo assim uma melhor rela\u00e7\u00e3o custo benef\u00edcio, n\u00e3o importando se voc\u00ea necessita de um computador simples para uso dom\u00e9stico ou um servidor que atenda as necessidades da sua [&hellip;]<\/p>\n","protected":false},"author":1,"featured_media":0,"parent":13,"menu_order":2,"comment_status":"closed","ping_status":"open","template":"template_homepage-with-slideshow.php","meta":{"footnotes":""},"class_list":["post-105","page","type-page","status-publish","hentry"],"_links":{"self":[{"href":"https:\/\/www.hcstecnologia.net.br\/wps\/index.php?rest_route=\/wp\/v2\/pages\/105","targetHints":{"allow":["GET"]}}],"collection":[{"href":"https:\/\/www.hcstecnologia.net.br\/wps\/index.php?rest_route=\/wp\/v2\/pages"}],"about":[{"href":"https:\/\/www.hcstecnologia.net.br\/wps\/index.php?rest_route=\/wp\/v2\/types\/page"}],"author":[{"embeddable":true,"href":"https:\/\/www.hcstecnologia.net.br\/wps\/index.php?rest_route=\/wp\/v2\/users\/1"}],"replies":[{"embeddable":true,"href":"https:\/\/www.hcstecnologia.net.br\/wps\/index.php?rest_route=%2Fwp%2Fv2%2Fcomments&post=105"}],"version-history":[{"count":3,"href":"https:\/\/www.hcstecnologia.net.br\/wps\/index.php?rest_route=\/wp\/v2\/pages\/105\/revisions"}],"predecessor-version":[{"id":537,"href":"https:\/\/www.hcstecnologia.net.br\/wps\/index.php?rest_route=\/wp\/v2\/pages\/105\/revisions\/537"}],"up":[{"embeddable":true,"href":"https:\/\/www.hcstecnologia.net.br\/wps\/index.php?rest_route=\/wp\/v2\/pages\/13"}],"wp:attachment":[{"href":"https:\/\/www.hcstecnologia.net.br\/wps\/index.php?rest_route=%2Fwp%2Fv2%2Fmedia&parent=105"}],"curies":[{"name":"wp","href":"https:\/\/api.w.org\/{rel}","templated":true}]}}